{"id":787,"date":"2022-06-29T21:01:38","date_gmt":"2022-06-29T21:01:38","guid":{"rendered":"https:\/\/avadawebsites.wpengine.com\/tour-operator\/?page_id=787"},"modified":"2024-10-01T00:18:50","modified_gmt":"2024-10-01T00:18:50","slug":"nosotros","status":"publish","type":"page","link":"https:\/\/rangitaki.com\/en\/nosotros\/","title":{"rendered":"About Us"},"content":{"rendered":"<p><div class=\"fusion-fullwidth fullwidth-box fusion-builder-row-1 fusion-flex-container has-pattern-background has-mask-background nonhundred-percent-fullwidth non-hundred-percent-height-scrolling\" style=\"--awb-border-radius-top-left:0px;--awb-border-radius-top-right:0px;--awb-border-radius-bottom-right:0px;--awb-border-radius-bottom-left:0px;--awb-padding-top:30px;--awb-padding-right-small:3%;--awb-padding-left-small:3%;--awb-margin-top:44px;--awb-background-color:var(--awb-color2);--awb-flex-wrap:wrap;\" ><div class=\"fusion-builder-row fusion-row fusion-flex-align-items-flex-start fusion-flex-content-wrap\" style=\"max-width:1414.4px;margin-left: calc(-4% \/ 2 );margin-right: calc(-4% \/ 2 );\"><div class=\"fusion-layout-column fusion_builder_column fusion-builder-column-0 fusion_builder_column_1_1 1_1 fusion-flex-column\" style=\"--awb-bg-size:cover;--awb-width-large:100%;--awb-margin-top-large:0px;--awb-spacing-right-large:1.92%;--awb-margin-bottom-large:20px;--awb-spacing-left-large:1.92%;--awb-width-medium:100%;--awb-order-medium:0;--awb-spacing-right-medium:1.92%;--awb-spacing-left-medium:1.92%;--awb-width-small:100%;--awb-order-small:0;--awb-spacing-right-small:1.92%;--awb-spacing-left-small:1.92%;\"><div class=\"fusion-column-wrapper fusion-column-has-shadow fusion-flex-justify-content-flex-start fusion-content-layout-column\"><div class=\"fusion-title title fusion-title-1 fusion-sep-none fusion-title-text fusion-title-size-two\" style=\"--awb-text-color:var(--awb-color7);\"><h2 class=\"fusion-title-heading title-heading-left\" style=\"margin:0;\">\u00bfQui\u00e9nes somos?<\/h2><\/div><\/div><\/div><div class=\"fusion-layout-column fusion_builder_column fusion-builder-column-1 fusion_builder_column_1_2 1_2 fusion-flex-column\" style=\"--awb-bg-size:cover;--awb-width-large:50%;--awb-margin-top-large:0px;--awb-spacing-right-large:3.84%;--awb-margin-bottom-large:20px;--awb-spacing-left-large:3.84%;--awb-width-medium:50%;--awb-order-medium:0;--awb-spacing-right-medium:3.84%;--awb-spacing-left-medium:3.84%;--awb-width-small:100%;--awb-order-small:0;--awb-spacing-right-small:1.92%;--awb-spacing-left-small:1.92%;\"><div class=\"fusion-column-wrapper fusion-column-has-shadow fusion-flex-justify-content-flex-start fusion-content-layout-column\"><div class=\"fusion-text fusion-text-1\" style=\"--awb-text-color:var(--awb-color7);\"><p style=\"color: var(--awb-color7);\">En Rangitaki Tour, nos enorgullecemos de ser una empresa local comprometida con mostrar la rica cultura y la fascinante historia de la Isla de Pascua a trav\u00e9s de tours guiados \u00fanicos. Fundada y gestionada por habitantes de Rapa Nui, nuestra misi\u00f3n es ofrecer a los visitantes una experiencia aut\u00e9ntica e inmersiva, permiti\u00e9ndoles conectar profundamente con nuestra tierra y nuestras tradiciones.<\/p>\n<\/div><\/div><\/div><div class=\"fusion-layout-column fusion_builder_column fusion-builder-column-2 fusion_builder_column_1_2 1_2 fusion-flex-column\" style=\"--awb-bg-size:cover;--awb-width-large:50%;--awb-margin-top-large:0px;--awb-spacing-right-large:3.84%;--awb-margin-bottom-large:20px;--awb-spacing-left-large:3.84%;--awb-width-medium:50%;--awb-order-medium:0;--awb-spacing-right-medium:3.84%;--awb-spacing-left-medium:3.84%;--awb-width-small:100%;--awb-order-small:0;--awb-spacing-right-small:1.92%;--awb-spacing-left-small:1.92%;\"><div class=\"fusion-column-wrapper fusion-column-has-shadow fusion-flex-justify-content-flex-start fusion-content-layout-column\"><div class=\"fusion-text fusion-text-2\" style=\"--awb-text-color:var(--awb-color1);\"><p style=\"color: var(--awb-color7);\">Rangitaki Tour es m\u00e1s que una simple compa\u00f1\u00eda de tours. Somos embajadores de nuestra herencia, dedicados a preservar y compartir los secretos y maravillas de Rapa Nui. Con un equipo de gu\u00edas locales apasionados y conocedores, cada tour es una oportunidad para explorar la isla desde una perspectiva aut\u00e9ntica.<\/p>\n<\/div><\/div><\/div><\/div><\/div><div class=\"fusion-fullwidth fullwidth-box fusion-builder-row-2 fusion-flex-container nonhundred-percent-fullwidth non-hundred-percent-height-scrolling\" style=\"--awb-border-radius-top-left:0px;--awb-border-radius-top-right:0px;--awb-border-radius-bottom-right:0px;--awb-border-radius-bottom-left:0px;--awb-padding-right-small:5%;--awb-padding-bottom-small:40px;--awb-padding-left-small:5%;--awb-margin-top-small:50px;--awb-flex-wrap:wrap;\" ><div class=\"fusion-builder-row fusion-row fusion-flex-align-items-flex-start fusion-flex-content-wrap\" style=\"max-width:1414.4px;margin-left: calc(-4% \/ 2 );margin-right: calc(-4% \/ 2 );\"><div class=\"fusion-layout-column fusion_builder_column fusion-builder-column-3 fusion_builder_column_1_1 1_1 fusion-flex-column fusion-flex-align-self-center\" style=\"--awb-bg-size:cover;--awb-width-large:100%;--awb-margin-top-large:0px;--awb-spacing-right-large:1.92%;--awb-margin-bottom-large:0px;--awb-spacing-left-large:1.92%;--awb-width-medium:100%;--awb-order-medium:0;--awb-spacing-right-medium:1.92%;--awb-spacing-left-medium:1.92%;--awb-width-small:100%;--awb-order-small:0;--awb-spacing-right-small:1.92%;--awb-spacing-left-small:1.92%;\"><div class=\"fusion-column-wrapper fusion-column-has-shadow fusion-flex-justify-content-flex-start fusion-content-layout-column\"><div class=\"fusion-title title fusion-title-2 fusion-sep-none fusion-title-text fusion-title-size-two\" style=\"--awb-margin-top:25px;--awb-margin-bottom:25px;--awb-margin-top-small:20px;--awb-margin-bottom-small:20px;\"><h2 class=\"fusion-title-heading title-heading-left\" style=\"margin:0;text-transform:none;\">Follow us on Instagram<\/h2><\/div>[instagram-feed feed=1]<\/div><\/div><\/div><\/div>\n<div class=\"fusion-fullwidth fullwidth-box fusion-builder-row-3 fusion-flex-container nonhundred-percent-fullwidth non-hundred-percent-height-scrolling fusion-no-small-visibility\" style=\"--awb-border-radius-top-left:0px;--awb-border-radius-top-right:0px;--awb-border-radius-bottom-right:0px;--awb-border-radius-bottom-left:0px;--awb-padding-right-small:5%;--awb-padding-left-small:5%;--awb-margin-top:100px;--awb-margin-top-small:20px;--awb-flex-wrap:wrap;\" ><div class=\"fusion-builder-row fusion-row fusion-flex-align-items-flex-start fusion-flex-content-wrap\" style=\"max-width:1414.4px;margin-left: calc(-4% \/ 2 );margin-right: calc(-4% \/ 2 );\"><div class=\"fusion-layout-column fusion_builder_column fusion-builder-column-4 fusion_builder_column_1_1 1_1 fusion-flex-column\" style=\"--awb-padding-right-small:0px;--awb-padding-bottom-small:0px;--awb-padding-left-small:0px;--awb-bg-size:cover;--awb-width-large:100%;--awb-margin-top-large:0px;--awb-spacing-right-large:1.92%;--awb-margin-bottom-large:0px;--awb-spacing-left-large:1.92%;--awb-width-medium:100%;--awb-order-medium:0;--awb-spacing-right-medium:1.92%;--awb-spacing-left-medium:1.92%;--awb-width-small:100%;--awb-order-small:0;--awb-spacing-right-small:0px;--awb-margin-bottom-small:0px;--awb-spacing-left-small:0px;\"><div class=\"fusion-column-wrapper fusion-column-has-shadow fusion-flex-justify-content-flex-start fusion-content-layout-column\"><div class=\"fusion-title title fusion-title-3 fusion-sep-none fusion-title-text fusion-title-size-two\" style=\"--awb-text-color:var(--awb-color4);--awb-margin-top:25px;--awb-margin-bottom:60px;--awb-margin-top-small:30px;--awb-margin-bottom-small:60px;\"><h2 class=\"fusion-title-heading title-heading-left\" style=\"margin:0;text-transform:none;\">Nuestro equipo<\/h2><\/div><\/div><\/div><div class=\"fusion-layout-column fusion_builder_column fusion-builder-column-5 fusion_builder_column_1_2 1_2 fusion-flex-column\" style=\"--awb-bg-size:cover;--awb-width-large:50%;--awb-margin-top-large:0px;--awb-spacing-right-large:3.84%;--awb-margin-bottom-large:80px;--awb-spacing-left-large:3.84%;--awb-width-medium:50%;--awb-order-medium:0;--awb-spacing-right-medium:3.84%;--awb-spacing-left-medium:3.84%;--awb-width-small:100%;--awb-order-small:0;--awb-spacing-right-small:1.92%;--awb-spacing-left-small:1.92%;\"><div class=\"fusion-column-wrapper fusion-column-has-shadow fusion-flex-justify-content-flex-start fusion-content-layout-column\"><div class=\"fusion-builder-row fusion-builder-row-inner fusion-row fusion-flex-align-items-flex-start fusion-flex-content-wrap\" style=\"width:104% !important;max-width:104% !important;margin-left: calc(-4% \/ 2 );margin-right: calc(-4% \/ 2 );\"><div class=\"fusion-layout-column fusion_builder_column_inner fusion-builder-nested-column-0 fusion_builder_column_inner_1_2 1_2 fusion-flex-column\" style=\"--awb-bg-size:cover;--awb-width-large:50%;--awb-margin-top-large:0px;--awb-spacing-right-large:3.84%;--awb-margin-bottom-large:0px;--awb-spacing-left-large:3.84%;--awb-width-medium:50%;--awb-order-medium:0;--awb-spacing-right-medium:3.84%;--awb-spacing-left-medium:3.84%;--awb-width-small:100%;--awb-order-small:0;--awb-spacing-right-small:1.92%;--awb-spacing-left-small:1.92%;\"><div class=\"fusion-column-wrapper fusion-column-has-shadow fusion-flex-justify-content-flex-start fusion-content-layout-column\"><div class=\"fusion-title title fusion-title-4 fusion-sep-none fusion-title-text fusion-title-size-three\" style=\"--awb-margin-bottom:2px;--awb-margin-top-small:30px;\"><h3 class=\"fusion-title-heading title-heading-left\" style=\"margin:0;\">Nicol\u00e1s Icka<\/h3><\/div><div class=\"fusion-image-element \" style=\"--awb-mask-url: url(https:\/\/rangitaki.com\/wp-content\/plugins\/fusion-builder\/\/assets\/images\/masks\/mask-3.svg);--awb-margin-bottom-small:20px;--awb-caption-title-font-family:var(--h2_typography-font-family);--awb-caption-title-font-weight:var(--h2_typography-font-weight);--awb-caption-title-font-style:var(--h2_typography-font-style);--awb-caption-title-size:var(--h2_typography-font-size);--awb-caption-title-transform:var(--h2_typography-text-transform);--awb-caption-title-line-height:var(--h2_typography-line-height);--awb-caption-title-letter-spacing:var(--h2_typography-letter-spacing);\"><span class=\" fusion-imageframe imageframe-none imageframe-1 hover-type-zoomin has-mask\"><img decoding=\"async\" width=\"350\" height=\"438\" title=\"9c2c48_04d32f16f5be47d5a08018f4f39480ce~mv2\" src=\"https:\/\/rangitaki.com\/wp-content\/uploads\/2024\/09\/9c2c48_04d32f16f5be47d5a08018f4f39480cemv2.webp\" data-orig-src=\"https:\/\/rangitaki.com\/wp-content\/uploads\/2024\/09\/9c2c48_04d32f16f5be47d5a08018f4f39480cemv2.webp\" alt class=\"lazyload img-responsive wp-image-11188\" srcset=\"data:image\/svg+xml,%3Csvg%20xmlns%3D%27http%3A%2F%2Fwww.w3.org%2F2000%2Fsvg%27%20width%3D%27350%27%20height%3D%27438%27%20viewBox%3D%270%200%20350%20438%27%3E%3Crect%20width%3D%27350%27%20height%3D%27438%27%20fill-opacity%3D%220%22%2F%3E%3C%2Fsvg%3E\" data-srcset=\"https:\/\/rangitaki.com\/wp-content\/uploads\/2024\/09\/9c2c48_04d32f16f5be47d5a08018f4f39480cemv2-200x250.webp 200w, https:\/\/rangitaki.com\/wp-content\/uploads\/2024\/09\/9c2c48_04d32f16f5be47d5a08018f4f39480cemv2.webp 350w\" data-sizes=\"auto\" data-orig-sizes=\"(max-width: 800px) 100vw, 350px\" \/><\/span><\/div><\/div><\/div><div class=\"fusion-layout-column fusion_builder_column_inner fusion-builder-nested-column-1 fusion_builder_column_inner_1_2 1_2 fusion-flex-column fusion-flex-align-self-center\" style=\"--awb-padding-right:20px;--awb-padding-left:20px;--awb-bg-size:cover;--awb-width-large:50%;--awb-margin-top-large:0px;--awb-spacing-right-large:3.84%;--awb-margin-bottom-large:0px;--awb-spacing-left-large:3.84%;--awb-width-medium:50%;--awb-order-medium:0;--awb-spacing-right-medium:3.84%;--awb-spacing-left-medium:3.84%;--awb-width-small:100%;--awb-order-small:0;--awb-spacing-right-small:1.92%;--awb-spacing-left-small:1.92%;\"><div class=\"fusion-column-wrapper fusion-column-has-shadow fusion-flex-justify-content-flex-start fusion-content-layout-column\"><div class=\"fusion-text fusion-text-3\"><div data-breakout=\"normal\">\n<p id=\"viewer-adbub548\" class=\"v3Sq9 qf-Fi s6eQT E207f\" dir=\"auto\"><span class=\"-DNr2\">Nicol\u00e1s es un apasionado narrador de historias, conocido por su habilidad para dar vida a las leyendas y tradiciones de Rapa Nui. Creci\u00f3 escuchando los relatos de sus ancestros y ha dedicado su vida a aprender y preservar estas historias para compartirlas con el mundo. Su conocimiento enciclop\u00e9dico sobre los Moai, los ahus ceremoniales y los antiguos rituales de la isla es insuperable.<\/span><\/p>\n<\/div>\n<\/div><\/div><\/div><\/div><\/div><\/div><div class=\"fusion-layout-column fusion_builder_column fusion-builder-column-6 fusion_builder_column_1_2 1_2 fusion-flex-column\" style=\"--awb-bg-size:cover;--awb-width-large:50%;--awb-margin-top-large:0px;--awb-spacing-right-large:3.84%;--awb-margin-bottom-large:80px;--awb-spacing-left-large:3.84%;--awb-width-medium:50%;--awb-order-medium:0;--awb-spacing-right-medium:3.84%;--awb-spacing-left-medium:3.84%;--awb-width-small:100%;--awb-order-small:0;--awb-spacing-right-small:1.92%;--awb-spacing-left-small:1.92%;\"><div class=\"fusion-column-wrapper fusion-column-has-shadow fusion-flex-justify-content-flex-start fusion-content-layout-column\"><div class=\"fusion-builder-row fusion-builder-row-inner fusion-row fusion-flex-align-items-flex-start fusion-flex-content-wrap\" style=\"width:104% !important;max-width:104% !important;margin-left: calc(-4% \/ 2 );margin-right: calc(-4% \/ 2 );\"><div class=\"fusion-layout-column fusion_builder_column_inner fusion-builder-nested-column-2 fusion_builder_column_inner_1_2 1_2 fusion-flex-column\" style=\"--awb-bg-size:cover;--awb-width-large:50%;--awb-margin-top-large:0px;--awb-spacing-right-large:3.84%;--awb-margin-bottom-large:0px;--awb-spacing-left-large:3.84%;--awb-width-medium:50%;--awb-order-medium:0;--awb-spacing-right-medium:3.84%;--awb-spacing-left-medium:3.84%;--awb-width-small:100%;--awb-order-small:0;--awb-spacing-right-small:1.92%;--awb-spacing-left-small:1.92%;\"><div class=\"fusion-column-wrapper fusion-column-has-shadow fusion-flex-justify-content-flex-start fusion-content-layout-column\"><div class=\"fusion-title title fusion-title-5 fusion-sep-none fusion-title-text fusion-title-size-three\" style=\"--awb-margin-bottom:2px;--awb-margin-top-small:30px;\"><h3 class=\"fusion-title-heading title-heading-left\" style=\"margin:0;\">Antonio Icka<\/h3><\/div><div class=\"fusion-image-element \" style=\"--awb-mask-url: url(https:\/\/rangitaki.com\/wp-content\/plugins\/fusion-builder\/\/assets\/images\/masks\/mask-3.svg);--awb-margin-bottom-small:20px;--awb-caption-title-font-family:var(--h2_typography-font-family);--awb-caption-title-font-weight:var(--h2_typography-font-weight);--awb-caption-title-font-style:var(--h2_typography-font-style);--awb-caption-title-size:var(--h2_typography-font-size);--awb-caption-title-transform:var(--h2_typography-text-transform);--awb-caption-title-line-height:var(--h2_typography-line-height);--awb-caption-title-letter-spacing:var(--h2_typography-letter-spacing);\"><span class=\" fusion-imageframe imageframe-none imageframe-2 hover-type-zoomin has-mask\"><img decoding=\"async\" width=\"350\" height=\"350\" title=\"9c2c48_67d9db92b9914bbd82c688c40b7ce10f~mv2\" src=\"https:\/\/rangitaki.com\/wp-content\/uploads\/2024\/09\/9c2c48_67d9db92b9914bbd82c688c40b7ce10fmv2.webp\" data-orig-src=\"https:\/\/rangitaki.com\/wp-content\/uploads\/2024\/09\/9c2c48_67d9db92b9914bbd82c688c40b7ce10fmv2.webp\" alt class=\"lazyload img-responsive wp-image-11189\" srcset=\"data:image\/svg+xml,%3Csvg%20xmlns%3D%27http%3A%2F%2Fwww.w3.org%2F2000%2Fsvg%27%20width%3D%27350%27%20height%3D%27350%27%20viewBox%3D%270%200%20350%20350%27%3E%3Crect%20width%3D%27350%27%20height%3D%27350%27%20fill-opacity%3D%220%22%2F%3E%3C%2Fsvg%3E\" data-srcset=\"https:\/\/rangitaki.com\/wp-content\/uploads\/2024\/09\/9c2c48_67d9db92b9914bbd82c688c40b7ce10fmv2-200x200.webp 200w, https:\/\/rangitaki.com\/wp-content\/uploads\/2024\/09\/9c2c48_67d9db92b9914bbd82c688c40b7ce10fmv2.webp 350w\" data-sizes=\"auto\" data-orig-sizes=\"(max-width: 800px) 100vw, 350px\" \/><\/span><\/div><\/div><\/div><div class=\"fusion-layout-column fusion_builder_column_inner fusion-builder-nested-column-3 fusion_builder_column_inner_1_2 1_2 fusion-flex-column fusion-flex-align-self-center\" style=\"--awb-padding-right:20px;--awb-padding-left:20px;--awb-bg-size:cover;--awb-width-large:50%;--awb-margin-top-large:0px;--awb-spacing-right-large:3.84%;--awb-margin-bottom-large:0px;--awb-spacing-left-large:3.84%;--awb-width-medium:50%;--awb-order-medium:0;--awb-spacing-right-medium:3.84%;--awb-spacing-left-medium:3.84%;--awb-width-small:100%;--awb-order-small:0;--awb-spacing-right-small:1.92%;--awb-spacing-left-small:1.92%;\"><div class=\"fusion-column-wrapper fusion-column-has-shadow fusion-flex-justify-content-flex-start fusion-content-layout-column\"><div class=\"fusion-text fusion-text-4\"><div data-breakout=\"normal\">\n<p id=\"viewer-cg1wb784\" class=\"v3Sq9 qf-Fi s6eQT E207f\" dir=\"auto\"><span class=\"-DNr2\">Antonio es el alma vibrante de nuestro equipo. Con una energ\u00eda contagiosa y una simpat\u00eda natural, Antonio hace que cada tour sea una experiencia alegre y memorable. Su carisma y entusiasmo son palpables desde el primer momento, creando un ambiente acogedor y din\u00e1mico para los visitantes. Antonio combina su amor por Rapa Nui con una pasi\u00f3n por el servicio al cliente, asegurando que cada participante se sienta como parte de la familia.<\/span><\/p>\n<\/div>\n<\/div><\/div><\/div><\/div><\/div><\/div><\/div><\/div>\n<\/p>\n","protected":false},"excerpt":{"rendered":"","protected":false},"author":1,"featured_media":0,"parent":0,"menu_order":0,"comment_status":"closed","ping_status":"closed","template":"100-width.php","meta":{"_acf_changed":false,"footnotes":""},"class_list":["post-787","page","type-page","status-publish","hentry"],"acf":[],"yoast_head":"<!-- This site is optimized with the Yoast SEO plugin v27.2 - https:\/\/yoast.com\/product\/yoast-seo-wordpress\/ -->\n<title>Nosotros - Rangitaki Tour<\/title>\n<meta name=\"robots\" content=\"index, follow, max-snippet:-1, max-image-preview:large, max-video-preview:-1\" \/>\n<link rel=\"canonical\" href=\"https:\/\/rangitaki.com\/en\/nosotros\/\" \/>\n<meta property=\"og:locale\" content=\"en_GB\" \/>\n<meta property=\"og:type\" content=\"article\" \/>\n<meta property=\"og:title\" content=\"Nosotros - Rangitaki Tour\" \/>\n<meta property=\"og:url\" content=\"https:\/\/rangitaki.com\/en\/nosotros\/\" \/>\n<meta property=\"og:site_name\" content=\"Rangitaki Tour\" \/>\n<meta property=\"article:modified_time\" content=\"2024-10-01T00:18:50+00:00\" \/>\n<meta name=\"twitter:card\" content=\"summary_large_image\" \/>\n<meta name=\"twitter:label1\" content=\"Estimated reading time\" \/>\n\t<meta name=\"twitter:data1\" content=\"7 minutes\" \/>\n<script type=\"application\/ld+json\" class=\"yoast-schema-graph\">{\"@context\":\"https:\/\/schema.org\",\"@graph\":[{\"@type\":\"WebPage\",\"@id\":\"https:\/\/rangitaki.com\/nosotros\/\",\"url\":\"https:\/\/rangitaki.com\/nosotros\/\",\"name\":\"Nosotros - Rangitaki Tour\",\"isPartOf\":{\"@id\":\"https:\/\/rangitaki.com\/en\/#website\"},\"datePublished\":\"2022-06-29T21:01:38+00:00\",\"dateModified\":\"2024-10-01T00:18:50+00:00\",\"breadcrumb\":{\"@id\":\"https:\/\/rangitaki.com\/nosotros\/#breadcrumb\"},\"inLanguage\":\"en-GB\",\"potentialAction\":[{\"@type\":\"ReadAction\",\"target\":[\"https:\/\/rangitaki.com\/nosotros\/\"]}]},{\"@type\":\"BreadcrumbList\",\"@id\":\"https:\/\/rangitaki.com\/nosotros\/#breadcrumb\",\"itemListElement\":[{\"@type\":\"ListItem\",\"position\":1,\"name\":\"Portada\",\"item\":\"https:\/\/rangitaki.com\/en\/\"},{\"@type\":\"ListItem\",\"position\":2,\"name\":\"Nosotros\"}]},{\"@type\":\"WebSite\",\"@id\":\"https:\/\/rangitaki.com\/en\/#website\",\"url\":\"https:\/\/rangitaki.com\/en\/\",\"name\":\"Rangitaki Tour\",\"description\":\"Descubre los enigmas de Rapa Nui\",\"publisher\":{\"@id\":\"https:\/\/rangitaki.com\/en\/#organization\"},\"potentialAction\":[{\"@type\":\"SearchAction\",\"target\":{\"@type\":\"EntryPoint\",\"urlTemplate\":\"https:\/\/rangitaki.com\/en\/?s={search_term_string}\"},\"query-input\":{\"@type\":\"PropertyValueSpecification\",\"valueRequired\":true,\"valueName\":\"search_term_string\"}}],\"inLanguage\":\"en-GB\"},{\"@type\":\"Organization\",\"@id\":\"https:\/\/rangitaki.com\/en\/#organization\",\"name\":\"Rangitaki Tour Rapa Nui\",\"url\":\"https:\/\/rangitaki.com\/en\/\",\"logo\":{\"@type\":\"ImageObject\",\"inLanguage\":\"en-GB\",\"@id\":\"https:\/\/rangitaki.com\/en\/#\/schema\/logo\/image\/\",\"url\":\"https:\/\/rangitaki.com\/wp-content\/uploads\/2024\/09\/rangitaki-tour-logo.png\",\"contentUrl\":\"https:\/\/rangitaki.com\/wp-content\/uploads\/2024\/09\/rangitaki-tour-logo.png\",\"width\":1079,\"height\":357,\"caption\":\"Rangitaki Tour Rapa Nui\"},\"image\":{\"@id\":\"https:\/\/rangitaki.com\/en\/#\/schema\/logo\/image\/\"},\"sameAs\":[\"https:\/\/www.instagram.com\/rangitaki_tour\/\"]}]}<\/script>\n<!-- \/ Yoast SEO plugin. -->","yoast_head_json":{"title":"Nosotros - Rangitaki Tour","robots":{"index":"index","follow":"follow","max-snippet":"max-snippet:-1","max-image-preview":"max-image-preview:large","max-video-preview":"max-video-preview:-1"},"canonical":"https:\/\/rangitaki.com\/en\/nosotros\/","og_locale":"en_GB","og_type":"article","og_title":"Nosotros - Rangitaki Tour","og_url":"https:\/\/rangitaki.com\/en\/nosotros\/","og_site_name":"Rangitaki Tour","article_modified_time":"2024-10-01T00:18:50+00:00","twitter_card":"summary_large_image","twitter_misc":{"Estimated reading time":"7 minutes"},"schema":{"@context":"https:\/\/schema.org","@graph":[{"@type":"WebPage","@id":"https:\/\/rangitaki.com\/nosotros\/","url":"https:\/\/rangitaki.com\/nosotros\/","name":"Nosotros - Rangitaki Tour","isPartOf":{"@id":"https:\/\/rangitaki.com\/en\/#website"},"datePublished":"2022-06-29T21:01:38+00:00","dateModified":"2024-10-01T00:18:50+00:00","breadcrumb":{"@id":"https:\/\/rangitaki.com\/nosotros\/#breadcrumb"},"inLanguage":"en-GB","potentialAction":[{"@type":"ReadAction","target":["https:\/\/rangitaki.com\/nosotros\/"]}]},{"@type":"BreadcrumbList","@id":"https:\/\/rangitaki.com\/nosotros\/#breadcrumb","itemListElement":[{"@type":"ListItem","position":1,"name":"Portada","item":"https:\/\/rangitaki.com\/en\/"},{"@type":"ListItem","position":2,"name":"Nosotros"}]},{"@type":"WebSite","@id":"https:\/\/rangitaki.com\/en\/#website","url":"https:\/\/rangitaki.com\/en\/","name":"Rangitaki Tour","description":"Descubre los enigmas de Rapa Nui","publisher":{"@id":"https:\/\/rangitaki.com\/en\/#organization"},"potentialAction":[{"@type":"SearchAction","target":{"@type":"EntryPoint","urlTemplate":"https:\/\/rangitaki.com\/en\/?s={search_term_string}"},"query-input":{"@type":"PropertyValueSpecification","valueRequired":true,"valueName":"search_term_string"}}],"inLanguage":"en-GB"},{"@type":"Organization","@id":"https:\/\/rangitaki.com\/en\/#organization","name":"Rangitaki Tour Rapa Nui","url":"https:\/\/rangitaki.com\/en\/","logo":{"@type":"ImageObject","inLanguage":"en-GB","@id":"https:\/\/rangitaki.com\/en\/#\/schema\/logo\/image\/","url":"https:\/\/rangitaki.com\/wp-content\/uploads\/2024\/09\/rangitaki-tour-logo.png","contentUrl":"https:\/\/rangitaki.com\/wp-content\/uploads\/2024\/09\/rangitaki-tour-logo.png","width":1079,"height":357,"caption":"Rangitaki Tour Rapa Nui"},"image":{"@id":"https:\/\/rangitaki.com\/en\/#\/schema\/logo\/image\/"},"sameAs":["https:\/\/www.instagram.com\/rangitaki_tour\/"]}]}},"_links":{"self":[{"href":"https:\/\/rangitaki.com\/en\/wp-json\/wp\/v2\/pages\/787","targetHints":{"allow":["GET"]}}],"collection":[{"href":"https:\/\/rangitaki.com\/en\/wp-json\/wp\/v2\/pages"}],"about":[{"href":"https:\/\/rangitaki.com\/en\/wp-json\/wp\/v2\/types\/page"}],"author":[{"embeddable":true,"href":"https:\/\/rangitaki.com\/en\/wp-json\/wp\/v2\/users\/1"}],"replies":[{"embeddable":true,"href":"https:\/\/rangitaki.com\/en\/wp-json\/wp\/v2\/comments?post=787"}],"version-history":[{"count":12,"href":"https:\/\/rangitaki.com\/en\/wp-json\/wp\/v2\/pages\/787\/revisions"}],"predecessor-version":[{"id":11964,"href":"https:\/\/rangitaki.com\/en\/wp-json\/wp\/v2\/pages\/787\/revisions\/11964"}],"wp:attachment":[{"href":"https:\/\/rangitaki.com\/en\/wp-json\/wp\/v2\/media?parent=787"}],"curies":[{"name":"wp","href":"https:\/\/api.w.org\/{rel}","templated":true}]}}